{"id":22,"date":"2023-03-03T16:19:13","date_gmt":"2023-03-03T16:19:13","guid":{"rendered":"https:\/\/wp.alexandriaedms.com\/?page_id=22"},"modified":"2023-04-25T06:17:38","modified_gmt":"2023-04-25T06:17:38","slug":"home-page","status":"publish","type":"page","link":"https:\/\/smel.ecpc.tech\/","title":{"rendered":"Home Page"},"content":{"rendered":"<div id=\"pl-22\"  class=\"panel-layout\" ><div id=\"pg-22-0\"  class=\"panel-grid panel-no-style\" ><div id=\"pgc-22-0-0\"  class=\"panel-grid-cell\" ><div id=\"panel-22-0-0-0\" class=\"so-panel widget widget_circleicon-widget panel-first-child panel-last-child\" data-index=\"0\" >\t\t<div class=\"circle-icon-box circle-icon-position-top circle-icon-hide-box circle-icon-size-small \">\n\t\t\t\t\t\t\t<div class=\"circle-icon-wrapper\">\n\t\t\t\t\t\t\t\t\t\t<a href=\"https:\/\/wp.alexandriaedms.com\/index.php\/121-2\/\" class=\"link-icon\" >\t\t\t\t\t<div class=\"circle-icon\" >\n\t\t\t\t\t\t\t\t\t\t\t\t\t<div class=\"fa fa-arrows\" ><\/div>\n\t\t\t\t\t\t\t\t\t\t\t<\/div> \n\t\t\t\t\t<\/a>\t\t\t\t<\/div>\n\t\t\t\n\t\t\t\t\t\t\t<a href=\"https:\/\/wp.alexandriaedms.com\/index.php\/121-2\/\" class=\"link-title\" >\n\t\t\t\t\t\t\t\t\t\t<h4 >\n\t\t\t\t\tConexi\u00f3n con SMA\t\t\t\t<\/h4>\n\t\t\t\t\t\t\t\t\t\t<\/a>\n\t\t\t\n\t\t\t\t\t\t\t<p class=\"text\" >El m\u00f3dulo de conexi\u00f3n en l\u00ednea con la SMA cumple con todos los requerimientos t\u00e9cnicos establecidos por la Superintendencia del Medio Ambiente para que tu empresa cumpla con los requerimientos establecidos de forma r\u00e1pida, confiable y oportuna.<\/p>\n\t\t\t\t\t\t\t\t\t\t<a href=\"https:\/\/wp.alexandriaedms.com\/index.php\/121-2\/\" class=\"more-button\" >Conoce m\u00e1s <i><\/i><\/a>\n\t\t\t\t\t<\/div>\n\t\t<\/div><\/div><div id=\"pgc-22-0-1\"  class=\"panel-grid-cell\" ><div id=\"panel-22-0-1-0\" class=\"so-panel widget widget_circleicon-widget panel-first-child panel-last-child\" data-index=\"1\" >\t\t<div class=\"circle-icon-box circle-icon-position-top circle-icon-hide-box circle-icon-size-small \">\n\t\t\t\t\t\t\t<div class=\"circle-icon-wrapper\">\n\t\t\t\t\t\t\t\t\t\t<a href=\"#serv_medio_ambiente\" class=\"link-icon\" >\t\t\t\t\t<div class=\"circle-icon\" >\n\t\t\t\t\t\t\t\t\t\t\t\t\t<div class=\"fa fa-legal\" ><\/div>\n\t\t\t\t\t\t\t\t\t\t\t<\/div> \n\t\t\t\t\t<\/a>\t\t\t\t<\/div>\n\t\t\t\n\t\t\t\t\t\t\t<a href=\"#serv_medio_ambiente\" class=\"link-title\" >\n\t\t\t\t\t\t\t\t\t\t<h4 >\n\t\t\t\t\tAsesor\u00eda Medio Ambiental\t\t\t\t<\/h4>\n\t\t\t\t\t\t\t\t\t\t<\/a>\n\t\t\t\n\t\t\t\t\t\t\t<p class=\"text\" >Nuestros profesionales con m\u00e1s de 20 a\u00f1os de experiencia tanto en la empresa privada como en la alta direcci\u00f3n p\u00fablica le ayudar\u00e1n a tu empresa con el cumplimiento de los requerimientos legales medio ambientales, y de esta forma, evitar multas.<\/p>\n\t\t\t\t\t\t\t\t\t\t<a href=\"#serv_medio_ambiente\" class=\"more-button\" >Conoce m\u00e1s <i><\/i><\/a>\n\t\t\t\t\t<\/div>\n\t\t<\/div><\/div><div id=\"pgc-22-0-2\"  class=\"panel-grid-cell\" ><div id=\"panel-22-0-2-0\" class=\"so-panel widget widget_circleicon-widget panel-first-child panel-last-child\" data-index=\"2\" >\t\t<div class=\"circle-icon-box circle-icon-position-top circle-icon-hide-box circle-icon-size-small \">\n\t\t\t\t\t\t\t<div class=\"circle-icon-wrapper\">\n\t\t\t\t\t\t\t\t\t\t<a href=\"https:\/\/wp.alexandriaedms.com\/index.php\/182-2\/\" class=\"link-icon\" >\t\t\t\t\t<div class=\"circle-icon\" >\n\t\t\t\t\t\t\t\t\t\t\t\t\t<div class=\"fa fa-bar-chart-o\" ><\/div>\n\t\t\t\t\t\t\t\t\t\t\t<\/div> \n\t\t\t\t\t<\/a>\t\t\t\t<\/div>\n\t\t\t\n\t\t\t\t\t\t\t<a href=\"https:\/\/wp.alexandriaedms.com\/index.php\/182-2\/\" class=\"link-title\" >\n\t\t\t\t\t\t\t\t\t\t<h4 >\n\t\t\t\t\tSMEL &#8211; Sistema de Monitoreo En L\u00ednea\t\t\t\t<\/h4>\n\t\t\t\t\t\t\t\t\t\t<\/a>\n\t\t\t\n\t\t\t\t\t\t\t<p class=\"text\" >SMEL es un software totalmente personalizable que permite el monitoreo y control de sensores y controladores. Entre las principales funcionalidades est\u00e1n los dashboards y reportes en tiempo real, como su m\u00f3dulo de conexi\u00f3n con la SMA.<\/p>\n\t\t\t\t\t\t\t\t\t\t<a href=\"https:\/\/wp.alexandriaedms.com\/index.php\/182-2\/\" class=\"more-button\" >Conoce m\u00e1s <i><\/i><\/a>\n\t\t\t\t\t<\/div>\n\t\t<\/div><\/div><\/div><div id=\"pg-22-1\"  class=\"panel-grid panel-has-style\" ><div class=\"siteorigin-panels-stretch panel-row-style-full-width panel-row-style panel-row-style-for-22-1\" style=\"background-color: #dddbcc; \" data-stretch-type=\"full-stretched\" ><div id=\"pgc-22-1-0\"  class=\"panel-grid-cell\" ><div id=\"panel-22-1-0-0\" class=\"so-panel widget widget_media_image panel-first-child panel-last-child\" data-index=\"3\" ><img loading=\"lazy\" decoding=\"async\" width=\"720\" height=\"455\" src=\"https:\/\/smel.ecpc.tech\/wp-content\/uploads\/2023\/03\/dashboard-2-1024x647.jpg\" class=\"image wp-image-75  attachment-large size-large\" alt=\"\" style=\"max-width: 100%; height: auto;\" srcset=\"https:\/\/smel.ecpc.tech\/wp-content\/uploads\/2023\/03\/dashboard-2-1024x647.jpg 1024w, https:\/\/smel.ecpc.tech\/wp-content\/uploads\/2023\/03\/dashboard-2-300x190.jpg 300w, https:\/\/smel.ecpc.tech\/wp-content\/uploads\/2023\/03\/dashboard-2-768x485.jpg 768w, https:\/\/smel.ecpc.tech\/wp-content\/uploads\/2023\/03\/dashboard-2-1536x970.jpg 1536w, https:\/\/smel.ecpc.tech\/wp-content\/uploads\/2023\/03\/dashboard-2-2048x1294.jpg 2048w\" sizes=\"(max-width: 720px) 100vw, 720px\" \/><\/div><\/div><div id=\"pgc-22-1-1\"  class=\"panel-grid-cell\" ><div id=\"panel-22-1-1-0\" class=\"so-panel widget widget_text panel-first-child panel-last-child\" data-index=\"4\" >\t\t\t<div class=\"textwidget\"><h3 style=\"margin-top: 0px; margin-bottom: 0px;\"><b>Conexi\u00f3n en L\u00ednea con la Superintendencia del Medio Ambiente (SMA)<\/b><\/h3>\n<p>La Superintendencia del Medio Ambiente (SMA), con el objetivo de realizar seguimiento y fiscalizaci\u00f3n de las emisiones atmosf\u00e9ricas provenientes de fuentes industriales, requiere que las empresas informen en l\u00ednea los datos obtenidos desde los instrumentos de cada uno de los procesos fiscalizables (Resoluci\u00f3n Exenta N\u00b0254).<br \/>\nEntre los procesos industriales que deben ser reportados en l\u00ednea se encuentran:<\/p>\n<ul>\n<li>Calderas, procesos de combusti\u00f3n y turbinas (Resoluci\u00f3n Exenta N\u00b02452)<\/li>\n<li>Rellenos sanitarios (Resoluci\u00f3n Exenta N\u00b0431)<\/li>\n<li>Centros de engorda de salmones (Resoluci\u00f3n Exenta N\u00b01391)<\/li>\n<\/ul>\n<p><a href=\"https:\/\/wp.alexandriaedms.com\/index.php\/121-2\/\">Conoce m\u00e1s aqu\u00ed!<\/a><\/p>\n<\/div>\n\t\t<\/div><\/div><\/div><\/div><div id=\"pg-22-2\"  class=\"panel-grid panel-has-style\" ><div class=\"siteorigin-panels-stretch panel-row-style-full-width panel-row-style panel-row-style-for-22-2\" style=\"background-color: #ffffff; \" data-stretch-type=\"full-stretched\" ><div id=\"pgc-22-2-0\"  class=\"panel-grid-cell\" ><div id=\"panel-22-2-0-0\" class=\"so-panel widget widget_text panel-first-child panel-last-child\" data-index=\"5\" >\t\t\t<div class=\"textwidget\"><h3 style=\"margin-top:0px;margin-bottom:0px\"><b>\u00bfPor qu\u00e9 es tan importante la Consultor\u00eda en Regulaci\u00f3n Medio Ambiental?<\/b><\/h3>\n<p>Lorem ipsum dolor sit amet, consectetur adipiscing elit, sed do eiusmod tempor incididunt ut labore et dolore magna aliqua. Ut enim ad minim veniam, quis nostrud exercitation ullamco laboris nisi ut aliquip ex ea commodo consequat. Duis aute irure dolor in reprehenderit in voluptate velit esse cillum dolore eu fugiat nulla pariatur. Excepteur sint occaecat cupidatat non proident, sunt in culpa qui officia deserunt mollit anim id est laborum.<\/p>\n<\/div>\n\t\t<\/div><\/div><div id=\"pgc-22-2-1\"  class=\"panel-grid-cell\" ><div id=\"panel-22-2-1-0\" class=\"so-panel widget widget_media_image panel-first-child panel-last-child\" data-index=\"6\" ><img loading=\"lazy\" decoding=\"async\" width=\"300\" height=\"200\" src=\"https:\/\/smel.ecpc.tech\/wp-content\/uploads\/2023\/03\/meeting-300x200.jpg\" class=\"image wp-image-67  attachment-medium size-medium\" alt=\"\" style=\"max-width: 100%; height: auto;\" srcset=\"https:\/\/smel.ecpc.tech\/wp-content\/uploads\/2023\/03\/meeting-300x200.jpg 300w, https:\/\/smel.ecpc.tech\/wp-content\/uploads\/2023\/03\/meeting-1024x683.jpg 1024w, https:\/\/smel.ecpc.tech\/wp-content\/uploads\/2023\/03\/meeting-768x513.jpg 768w, https:\/\/smel.ecpc.tech\/wp-content\/uploads\/2023\/03\/meeting-1536x1025.jpg 1536w, https:\/\/smel.ecpc.tech\/wp-content\/uploads\/2023\/03\/meeting-2048x1367.jpg 2048w, https:\/\/smel.ecpc.tech\/wp-content\/uploads\/2023\/03\/meeting-272x182.jpg 272w\" sizes=\"(max-width: 300px) 100vw, 300px\" \/><\/div><\/div><\/div><\/div><div id=\"pg-22-3\"  class=\"panel-grid panel-has-style\" ><div class=\"siteorigin-panels-stretch panel-row-style-full-width panel-row-style panel-row-style-for-22-3\" style=\"background-color: #dddbcc; \" data-stretch-type=\"full-stretched\" ><div id=\"pgc-22-3-0\"  class=\"panel-grid-cell\" ><div id=\"panel-22-3-0-0\" class=\"so-panel widget widget_media_image panel-first-child panel-last-child\" data-index=\"7\" ><img loading=\"lazy\" decoding=\"async\" width=\"300\" height=\"200\" src=\"https:\/\/smel.ecpc.tech\/wp-content\/uploads\/2023\/03\/many_screens-300x200.jpg\" class=\"image wp-image-68  attachment-medium size-medium\" alt=\"\" style=\"max-width: 100%; height: auto;\" srcset=\"https:\/\/smel.ecpc.tech\/wp-content\/uploads\/2023\/03\/many_screens-300x200.jpg 300w, https:\/\/smel.ecpc.tech\/wp-content\/uploads\/2023\/03\/many_screens-1024x684.jpg 1024w, https:\/\/smel.ecpc.tech\/wp-content\/uploads\/2023\/03\/many_screens-768x513.jpg 768w, https:\/\/smel.ecpc.tech\/wp-content\/uploads\/2023\/03\/many_screens-1536x1025.jpg 1536w, https:\/\/smel.ecpc.tech\/wp-content\/uploads\/2023\/03\/many_screens-2048x1367.jpg 2048w, https:\/\/smel.ecpc.tech\/wp-content\/uploads\/2023\/03\/many_screens-272x182.jpg 272w\" sizes=\"(max-width: 300px) 100vw, 300px\" \/><\/div><\/div><div id=\"pgc-22-3-1\"  class=\"panel-grid-cell\" ><div id=\"panel-22-3-1-0\" class=\"so-panel widget widget_text panel-first-child panel-last-child\" data-index=\"8\" >\t\t\t<div class=\"textwidget\"><h3 style=\"margin-top:0px;margin-bottom:0px\"><b>Sistema de Monitoreo En Linea: SMEL<\/b><\/h3>\n<p>Nuestro sistema de monitoreo en l\u00ednea, SMEL, permite, entre varias funcionalidades, visualizar los registros hist\u00f3ricos de sensores, recibir notificaciones personalizadas v\u00eda correo o SMS, gatillar alarmas f\u00edsicas, conectarse a PLCs y equipos de instrumentaci\u00f3n, integrarse con bases de datos existentes, visualizar la informaci\u00f3n en dashboards, integrarse con otros sistemas y publicar los datos requeridos por la SMA.<br \/>\n<a href=\"https:\/\/wp.alexandriaedms.com\/index.php\/182-2\/\">Conoce m\u00e1s aqu\u00ed!<\/a><\/p>\n<\/div>\n\t\t<\/div><\/div><\/div><\/div><div id=\"pg-22-4\"  class=\"panel-grid panel-has-style\" ><div class=\"siteorigin-panels-stretch panel-row-style-full-width panel-row-style panel-row-style-for-22-4\" style=\"background-color: #dddbcc; \" data-stretch-type=\"full-stretched\" ><div id=\"pgc-22-4-0\"  class=\"panel-grid-cell panel-grid-cell-empty\" ><\/div><div id=\"pgc-22-4-1\"  class=\"panel-grid-cell\" ><div id=\"panel-22-4-1-0\" class=\"so-panel widget widget_siteorigin-panels-postloop panel-first-child panel-last-child\" data-index=\"9\" ><h3 class=\"widget-title\"><span class=\"vantage-carousel-title\"><span class=\"vantage-carousel-title-text\">Latest Posts<\/span><a href=\"#\" class=\"next\" title=\"Next\"><span class=\"vantage-icon-arrow-right\"><\/span><\/a><a href=\"#\" class=\"previous\" title=\"Previous\"><span class=\"vantage-icon-arrow-left\"><\/span><\/a><\/span><\/h3><div class=\"vantage-carousel-wrapper\">\n\n\t\n\t<ul class=\"vantage-carousel\" data-query=\"{&quot;post_status&quot;:&quot;publish&quot;,&quot;posts_per_page&quot;:4,&quot;post_type&quot;:&quot;post&quot;,&quot;tax_query_relation&quot;:&quot;OR&quot;,&quot;date_type&quot;:&quot;specific&quot;,&quot;date_query&quot;:{&quot;after&quot;:&quot;&quot;,&quot;before&quot;:&quot;&quot;,&quot;inclusive&quot;:true},&quot;date_query_relative&quot;:&quot;{\\&quot;from\\&quot;:[],\\&quot;to\\&quot;:[]}&quot;,&quot;orderby&quot;:&quot;date&quot;,&quot;order&quot;:&quot;DESC&quot;,&quot;post__not_in&quot;:[22,22],&quot;paged&quot;:1,&quot;lazy_load_term_meta&quot;:true}\" data-ajax-url=\"https:\/\/smel.ecpc.tech\/wp-admin\/admin-ajax.php\">\n\t\t\t\t\t<li class=\"carousel-entry\">\n\t\t\t\t<div class=\"thumbnail\">\n\t\t\t\t\t\t\t\t\t\t\t\t\t\t\t\t<a href=\"https:\/\/smel.ecpc.tech\/index.php\/2023\/02\/27\/evolucion-generacion-electrica-bruta-en-chile\/\" style=\"background-image: url(https:\/\/smel.ecpc.tech\/wp-content\/uploads\/2023\/03\/solar-panel-in-the-field-2-1415250-272x182.jpg)\">\n\t\t\t\t\t\t<\/a>\n\t\t\t\t\t\t\t\t\t<\/div>\n\t\t\t\t\t\t\t\t<h3><a href=\"https:\/\/smel.ecpc.tech\/index.php\/2023\/02\/27\/evolucion-generacion-electrica-bruta-en-chile\/\">Evoluci\u00f3n generaci\u00f3n el\u00e9ctrica bruta en Chile<\/a><\/h3>\n\t\t\t<\/li>\n\t\t\t<\/ul>\n<\/div>\n<\/div><\/div><div id=\"pgc-22-4-2\"  class=\"panel-grid-cell panel-grid-cell-mobile-last\" ><div id=\"panel-22-4-2-0\" class=\"so-panel widget widget_block panel-first-child\" data-index=\"10\" ><a id=\"anchor_contact_form\" class=\"section\"><\/a><\/div><div id=\"panel-22-4-2-1\" class=\"so-panel widget widget_wpforms-widget wpforms-widget panel-last-child\" data-index=\"11\" ><div class=\"wpforms-container wpforms-container-full\" id=\"wpforms-76\"><form id=\"wpforms-form-76\" class=\"wpforms-validate wpforms-form wpforms-ajax-form\" data-formid=\"76\" method=\"post\" enctype=\"multipart\/form-data\" action=\"\/index.php\/wp-json\/wp\/v2\/pages\/22\" data-token=\"9d6c2cbaa4ac3b9530305546c509092c\"><div class=\"wpforms-head-container\"><div class=\"wpforms-title\">Cont\u00e1ctanos<\/div><div class=\"wpforms-description\">Muchas gracias por tu inter\u00e9s en nuestros servicios. Esperamos conversar contigo lo antes posible.<\/div><\/div><noscript class=\"wpforms-error-noscript\">Please enable JavaScript in your browser to complete this form.<\/noscript><div class=\"wpforms-field-container\"><div id=\"wpforms-76-field_0-container\" class=\"wpforms-field wpforms-field-name\" data-field-id=\"0\"><label class=\"wpforms-field-label\" for=\"wpforms-76-field_0\">Nombre <span class=\"wpforms-required-label\">*<\/span><\/label><input type=\"text\" id=\"wpforms-76-field_0\" class=\"wpforms-field-medium wpforms-field-required\" name=\"wpforms[fields][0]\" required><\/div><div id=\"wpforms-76-field_1-container\" class=\"wpforms-field wpforms-field-email\" data-field-id=\"1\"><label class=\"wpforms-field-label\" for=\"wpforms-76-field_1\">Correo electr\u00f3nico <span class=\"wpforms-required-label\">*<\/span><\/label><input type=\"email\" id=\"wpforms-76-field_1\" class=\"wpforms-field-medium wpforms-field-required\" name=\"wpforms[fields][1]\" spellcheck=\"false\" required><\/div><div id=\"wpforms-76-field_2-container\" class=\"wpforms-field wpforms-field-textarea\" data-field-id=\"2\"><label class=\"wpforms-field-label\" for=\"wpforms-76-field_2\">Mensaje <span class=\"wpforms-required-label\">*<\/span><\/label><textarea id=\"wpforms-76-field_2\" class=\"wpforms-field-medium wpforms-field-required\" name=\"wpforms[fields][2]\" required><\/textarea><\/div><\/div><!-- .wpforms-field-container --><div class=\"wpforms-submit-container\" ><input type=\"hidden\" name=\"wpforms[id]\" value=\"76\"><input type=\"hidden\" name=\"wpforms[author]\" value=\"3\"><button type=\"submit\" name=\"wpforms[submit]\" id=\"wpforms-submit-76\" class=\"wpforms-submit\" data-alt-text=\"Enviando...\" data-submit-text=\"Enviar\" aria-live=\"assertive\" value=\"wpforms-submit\">Enviar<\/button><img loading=\"lazy\" decoding=\"async\" src=\"https:\/\/smel.ecpc.tech\/wp-content\/plugins\/wpforms-lite\/assets\/images\/submit-spin.svg\" class=\"wpforms-submit-spinner\" style=\"display: none;\" width=\"26\" height=\"26\" alt=\"Loading\"><\/div><\/form><\/div>  <!-- .wpforms-container --><\/div><\/div><div id=\"pgc-22-4-3\"  class=\"panel-grid-cell panel-grid-cell-empty\" ><\/div><\/div><\/div><\/div>","protected":false},"excerpt":{"rendered":"<p>Conexi\u00f3n en L\u00ednea con la Superintendencia del Medio Ambiente (SMA) La Superintendencia del Medio Ambiente (SMA), con el objetivo de realizar seguimiento y fiscalizaci\u00f3n de las emisiones atmosf\u00e9ricas provenientes de fuentes industriales, requiere que las empresas informen en l\u00ednea los datos obtenidos desde los instrumentos de cada uno de los procesos fiscalizables (Resoluci\u00f3n Exenta N\u00b0254). [&hellip;]<\/p>\n","protected":false},"author":1,"featured_media":0,"parent":0,"menu_order":0,"comment_status":"closed","ping_status":"closed","template":"home-panels.php","meta":{"footnotes":""},"class_list":["post-22","page","type-page","status-publish","hentry","post","post-with-thumbnail","post-with-thumbnail-large"],"_links":{"self":[{"href":"https:\/\/smel.ecpc.tech\/index.php\/wp-json\/wp\/v2\/pages\/22"}],"collection":[{"href":"https:\/\/smel.ecpc.tech\/index.php\/wp-json\/wp\/v2\/pages"}],"about":[{"href":"https:\/\/smel.ecpc.tech\/index.php\/wp-json\/wp\/v2\/types\/page"}],"author":[{"embeddable":true,"href":"https:\/\/smel.ecpc.tech\/index.php\/wp-json\/wp\/v2\/users\/1"}],"replies":[{"embeddable":true,"href":"https:\/\/smel.ecpc.tech\/index.php\/wp-json\/wp\/v2\/comments?post=22"}],"version-history":[{"count":119,"href":"https:\/\/smel.ecpc.tech\/index.php\/wp-json\/wp\/v2\/pages\/22\/revisions"}],"predecessor-version":[{"id":271,"href":"https:\/\/smel.ecpc.tech\/index.php\/wp-json\/wp\/v2\/pages\/22\/revisions\/271"}],"wp:attachment":[{"href":"https:\/\/smel.ecpc.tech\/index.php\/wp-json\/wp\/v2\/media?parent=22"}],"curies":[{"name":"wp","href":"https:\/\/api.w.org\/{rel}","templated":true}]}}